{"id":1965,"date":"2024-04-12T11:50:49","date_gmt":"2024-04-12T11:50:49","guid":{"rendered":"https:\/\/uneguideaflorence.com\/?page_id=1965"},"modified":"2024-04-12T12:03:05","modified_gmt":"2024-04-12T12:03:05","slug":"cookie-policy-2","status":"publish","type":"page","link":"https:\/\/uneguideaflorence.com\/it\/cookie-policy-2\/","title":{"rendered":"Privacy"},"content":{"rendered":"\t\t<div data-elementor-type=\"wp-page\" data-elementor-id=\"1965\" class=\"elementor elementor-1965 elementor-1964\" data-elementor-post-type=\"page\">\n\t\t\t\t<div class=\"elementor-element elementor-element-44923b8 e-flex e-con-boxed e-con e-parent\" data-id=\"44923b8\" data-element_type=\"container\" data-settings=\"{&quot;jet_parallax_layout_list&quot;:[],&quot;_ha_eqh_enable&quot;:false}\">\n\t\t\t\t\t<div class=\"e-con-inner\">\n\t\t\t\t<div class=\"elementor-element elementor-element-4afb42e elementor-widget elementor-widget-text-editor\" data-id=\"4afb42e\" data-element_type=\"widget\" data-widget_type=\"text-editor.default\">\n\t\t\t\t<div class=\"elementor-widget-container\">\n\t\t\t\t\t\t\t<h2 style=\"text-align: center;\">Privacy Policy<\/h2>\n\t\t\t\t\t\t<\/div>\n\t\t\t\t<\/div>\n\t\t<div class=\"elementor-element elementor-element-f268af4 e-flex e-con-boxed e-con e-child\" data-id=\"f268af4\" data-element_type=\"container\" data-settings=\"{&quot;jet_parallax_layout_list&quot;:[],&quot;_ha_eqh_enable&quot;:false}\">\n\t\t\t\t\t<div class=\"e-con-inner\">\n\t\t\t\t<div class=\"elementor-element elementor-element-0e128d3 elementor-widget elementor-widget-text-editor\" data-id=\"0e128d3\" data-element_type=\"widget\" data-widget_type=\"text-editor.default\">\n\t\t\t\t<div class=\"elementor-widget-container\">\n\t\t\t\t\t\t\t<h2 style=\"text-align: center;\">Informazioni fornite ai sensi degli articoli 13-14 del GDPR 2016\/679<\/h2>\n<h2 style=\"text-align: center;\">(Regolamento generale sulla protezione dei dati)<\/h2>\n<p>I dati personali dell&#8217;utente saranno utilizzati da Stefania Faraci, titolare del trattamento, in relazione all&#8217;erogazione del servizio di Guida Turistica richiesto.<\/p>\n<p>Il conferimento dei dati \u00e8 obbligatorio per tutte le finalit\u00e0 connesse all&#8217;erogazione del suddetto servizio e pertanto l&#8217;eventuale rifiuto di fornirli potr\u00e0 comportare l&#8217;impossibilit\u00e0 di erogare il suddetto servizio.<\/p>\n<p>Il conferimento dei dati avviene con l&#8217;esplicito consenso dei clienti sulla base della presente informativa sulla privacy. I dati saranno trattati in forma elettronica e cartacea per adempiere agli obblighi di legge connessi ai rapporti commerciali e alla fornitura del servizio di Guida Turistica.<\/p>\n<p>I dati richiesti per finalit\u00e0 contrattuali e contabili saranno conservati per il tempo necessario al perfezionamento del rapporto commerciale e contabile. I dati di coloro che non acquistano o non usufruiscono del servizio saranno immediatamente cancellati.<\/p>\n<p><strong>Diritti dell&#8217;interessato:<\/strong><\/p>\n<p>In qualsiasi momento, l&#8217;interessato potr\u00e0 esercitare tutti i diritti previsti dagli articoli da 15 a 22 del Regolamento&nbsp;<span style=\"color: var( --e-global-color-text ); font-family: var( --e-global-typography-text-font-family ), Sans-serif; font-weight: var( --e-global-typography-text-font-weight ); text-align: var(--text-align); font-size: 1rem;\">UE 2016\/679 (GDPR).<\/span><\/p>\n<p>Il responsabile del trattamento dei dati personali \u00e8 :<\/p>\n<p>Stefania Faraci<br>Via Alessandro Fei, 16<br>50143 Firenze<br>P.I.: 04968320483<\/p>\t\t\t\t\t\t<\/div>\n\t\t\t\t<\/div>\n\t\t\t\t\t<\/div>\n\t\t\t\t<\/div>\n\t\t\t\t\t<\/div>\n\t\t\t\t<\/div>\n\t\t\t\t<\/div>\n\t\t","protected":false},"excerpt":{"rendered":"<p>Privacy Policy Informazioni fornite ai sensi degli articoli 13-14 del GDPR 2016\/679 (Regolamento generale sulla protezione dei dati) I dati personali dell&#8217;utente saranno utilizzati da Stefania Faraci, titolare del trattamento, in relazione all&#8217;erogazione del servizio di Guida Turistica richiesto. Il conferimento dei dati \u00e8 obbligatorio per tutte le finalit\u00e0 connesse all&#8217;erogazione del suddetto servizio e&#8230;<\/p>\n","protected":false},"author":1,"featured_media":0,"parent":0,"menu_order":3,"comment_status":"closed","ping_status":"closed","template":"","meta":{"_acf_changed":false,"footnotes":""},"categories":[],"tags":[],"class_list":["post-1965","page","type-page","status-publish","hentry"],"acf":[],"yoast_head":"<!-- This site is optimized with the Yoast SEO plugin v24.7 - https:\/\/yoast.com\/wordpress\/plugins\/seo\/ -->\n<title>Privacy - Stefania Faraci<\/title>\n<meta name=\"robots\" content=\"index, follow, max-snippet:-1, max-image-preview:large, max-video-preview:-1\" \/>\n<link rel=\"canonical\" href=\"https:\/\/uneguideaflorence.com\/it\/cookie-policy-2\/\" \/>\n<meta property=\"og:locale\" content=\"it_IT\" \/>\n<meta property=\"og:type\" content=\"article\" \/>\n<meta property=\"og:title\" content=\"Privacy - Stefania Faraci\" \/>\n<meta property=\"og:description\" content=\"Privacy Policy Informazioni fornite ai sensi degli articoli 13-14 del GDPR 2016\/679 (Regolamento generale sulla protezione dei dati) I dati personali dell&#8217;utente saranno utilizzati da Stefania Faraci, titolare del trattamento, in relazione all&#8217;erogazione del servizio di Guida Turistica richiesto. Il conferimento dei dati \u00e8 obbligatorio per tutte le finalit\u00e0 connesse all&#8217;erogazione del suddetto servizio e...\" \/>\n<meta property=\"og:url\" content=\"https:\/\/uneguideaflorence.com\/it\/cookie-policy-2\/\" \/>\n<meta property=\"og:site_name\" content=\"Stefania Faraci\" \/>\n<meta property=\"article:modified_time\" content=\"2024-04-12T12:03:05+00:00\" \/>\n<meta name=\"twitter:card\" content=\"summary_large_image\" \/>\n<meta name=\"twitter:label1\" content=\"Tempo di lettura stimato\" \/>\n\t<meta name=\"twitter:data1\" content=\"2 minuti\" \/>\n<script type=\"application\/ld+json\" class=\"yoast-schema-graph\">{\"@context\":\"https:\/\/schema.org\",\"@graph\":[{\"@type\":\"WebPage\",\"@id\":\"https:\/\/uneguideaflorence.com\/it\/cookie-policy-2\/\",\"url\":\"https:\/\/uneguideaflorence.com\/it\/cookie-policy-2\/\",\"name\":\"Privacy - Stefania Faraci\",\"isPartOf\":{\"@id\":\"https:\/\/uneguideaflorence.com\/it\/#website\"},\"datePublished\":\"2024-04-12T11:50:49+00:00\",\"dateModified\":\"2024-04-12T12:03:05+00:00\",\"breadcrumb\":{\"@id\":\"https:\/\/uneguideaflorence.com\/it\/cookie-policy-2\/#breadcrumb\"},\"inLanguage\":\"it-IT\",\"potentialAction\":[{\"@type\":\"ReadAction\",\"target\":[\"https:\/\/uneguideaflorence.com\/it\/cookie-policy-2\/\"]}]},{\"@type\":\"BreadcrumbList\",\"@id\":\"https:\/\/uneguideaflorence.com\/it\/cookie-policy-2\/#breadcrumb\",\"itemListElement\":[{\"@type\":\"ListItem\",\"position\":1,\"name\":\"Home\",\"item\":\"https:\/\/uneguideaflorence.com\/it\/\"},{\"@type\":\"ListItem\",\"position\":2,\"name\":\"Privacy\"}]},{\"@type\":\"WebSite\",\"@id\":\"https:\/\/uneguideaflorence.com\/it\/#website\",\"url\":\"https:\/\/uneguideaflorence.com\/it\/\",\"name\":\"Stefania Faraci\",\"description\":\"\",\"publisher\":{\"@id\":\"https:\/\/uneguideaflorence.com\/it\/#organization\"},\"potentialAction\":[{\"@type\":\"SearchAction\",\"target\":{\"@type\":\"EntryPoint\",\"urlTemplate\":\"https:\/\/uneguideaflorence.com\/it\/?s={search_term_string}\"},\"query-input\":{\"@type\":\"PropertyValueSpecification\",\"valueRequired\":true,\"valueName\":\"search_term_string\"}}],\"inLanguage\":\"it-IT\"},{\"@type\":\"Organization\",\"@id\":\"https:\/\/uneguideaflorence.com\/it\/#organization\",\"name\":\"Stefania Faraci\",\"url\":\"https:\/\/uneguideaflorence.com\/it\/\",\"logo\":{\"@type\":\"ImageObject\",\"inLanguage\":\"it-IT\",\"@id\":\"https:\/\/uneguideaflorence.com\/it\/#\/schema\/logo\/image\/\",\"url\":\"https:\/\/uneguideaflorence.com\/wp-content\/uploads\/logo\/stafania-faraci-guida-turistica.png\",\"contentUrl\":\"https:\/\/uneguideaflorence.com\/wp-content\/uploads\/logo\/stafania-faraci-guida-turistica.png\",\"width\":227,\"height\":83,\"caption\":\"Stefania Faraci\"},\"image\":{\"@id\":\"https:\/\/uneguideaflorence.com\/it\/#\/schema\/logo\/image\/\"}}]}<\/script>\n<!-- \/ Yoast SEO plugin. -->","yoast_head_json":{"title":"Privacy - Stefania Faraci","robots":{"index":"index","follow":"follow","max-snippet":"max-snippet:-1","max-image-preview":"max-image-preview:large","max-video-preview":"max-video-preview:-1"},"canonical":"https:\/\/uneguideaflorence.com\/it\/cookie-policy-2\/","og_locale":"it_IT","og_type":"article","og_title":"Privacy - Stefania Faraci","og_description":"Privacy Policy Informazioni fornite ai sensi degli articoli 13-14 del GDPR 2016\/679 (Regolamento generale sulla protezione dei dati) I dati personali dell&#8217;utente saranno utilizzati da Stefania Faraci, titolare del trattamento, in relazione all&#8217;erogazione del servizio di Guida Turistica richiesto. Il conferimento dei dati \u00e8 obbligatorio per tutte le finalit\u00e0 connesse all&#8217;erogazione del suddetto servizio e...","og_url":"https:\/\/uneguideaflorence.com\/it\/cookie-policy-2\/","og_site_name":"Stefania Faraci","article_modified_time":"2024-04-12T12:03:05+00:00","twitter_card":"summary_large_image","twitter_misc":{"Tempo di lettura stimato":"2 minuti"},"schema":{"@context":"https:\/\/schema.org","@graph":[{"@type":"WebPage","@id":"https:\/\/uneguideaflorence.com\/it\/cookie-policy-2\/","url":"https:\/\/uneguideaflorence.com\/it\/cookie-policy-2\/","name":"Privacy - Stefania Faraci","isPartOf":{"@id":"https:\/\/uneguideaflorence.com\/it\/#website"},"datePublished":"2024-04-12T11:50:49+00:00","dateModified":"2024-04-12T12:03:05+00:00","breadcrumb":{"@id":"https:\/\/uneguideaflorence.com\/it\/cookie-policy-2\/#breadcrumb"},"inLanguage":"it-IT","potentialAction":[{"@type":"ReadAction","target":["https:\/\/uneguideaflorence.com\/it\/cookie-policy-2\/"]}]},{"@type":"BreadcrumbList","@id":"https:\/\/uneguideaflorence.com\/it\/cookie-policy-2\/#breadcrumb","itemListElement":[{"@type":"ListItem","position":1,"name":"Home","item":"https:\/\/uneguideaflorence.com\/it\/"},{"@type":"ListItem","position":2,"name":"Privacy"}]},{"@type":"WebSite","@id":"https:\/\/uneguideaflorence.com\/it\/#website","url":"https:\/\/uneguideaflorence.com\/it\/","name":"Stefania Faraci","description":"","publisher":{"@id":"https:\/\/uneguideaflorence.com\/it\/#organization"},"potentialAction":[{"@type":"SearchAction","target":{"@type":"EntryPoint","urlTemplate":"https:\/\/uneguideaflorence.com\/it\/?s={search_term_string}"},"query-input":{"@type":"PropertyValueSpecification","valueRequired":true,"valueName":"search_term_string"}}],"inLanguage":"it-IT"},{"@type":"Organization","@id":"https:\/\/uneguideaflorence.com\/it\/#organization","name":"Stefania Faraci","url":"https:\/\/uneguideaflorence.com\/it\/","logo":{"@type":"ImageObject","inLanguage":"it-IT","@id":"https:\/\/uneguideaflorence.com\/it\/#\/schema\/logo\/image\/","url":"https:\/\/uneguideaflorence.com\/wp-content\/uploads\/logo\/stafania-faraci-guida-turistica.png","contentUrl":"https:\/\/uneguideaflorence.com\/wp-content\/uploads\/logo\/stafania-faraci-guida-turistica.png","width":227,"height":83,"caption":"Stefania Faraci"},"image":{"@id":"https:\/\/uneguideaflorence.com\/it\/#\/schema\/logo\/image\/"}}]}},"_links":{"self":[{"href":"https:\/\/uneguideaflorence.com\/it\/wp-json\/wp\/v2\/pages\/1965","targetHints":{"allow":["GET"]}}],"collection":[{"href":"https:\/\/uneguideaflorence.com\/it\/wp-json\/wp\/v2\/pages"}],"about":[{"href":"https:\/\/uneguideaflorence.com\/it\/wp-json\/wp\/v2\/types\/page"}],"author":[{"embeddable":true,"href":"https:\/\/uneguideaflorence.com\/it\/wp-json\/wp\/v2\/users\/1"}],"replies":[{"embeddable":true,"href":"https:\/\/uneguideaflorence.com\/it\/wp-json\/wp\/v2\/comments?post=1965"}],"version-history":[{"count":0,"href":"https:\/\/uneguideaflorence.com\/it\/wp-json\/wp\/v2\/pages\/1965\/revisions"}],"wp:attachment":[{"href":"https:\/\/uneguideaflorence.com\/it\/wp-json\/wp\/v2\/media?parent=1965"}],"wp:term":[{"taxonomy":"category","embeddable":true,"href":"https:\/\/uneguideaflorence.com\/it\/wp-json\/wp\/v2\/categories?post=1965"},{"taxonomy":"post_tag","embeddable":true,"href":"https:\/\/uneguideaflorence.com\/it\/wp-json\/wp\/v2\/tags?post=1965"}],"curies":[{"name":"wp","href":"https:\/\/api.w.org\/{rel}","templated":true}]}}