{"id":558,"date":"2024-02-07T15:10:00","date_gmt":"2024-02-07T15:10:00","guid":{"rendered":"https:\/\/rs.dotflorence.com\/?page_id=558"},"modified":"2024-02-28T13:16:46","modified_gmt":"2024-02-28T13:16:46","slug":"tour","status":"publish","type":"page","link":"https:\/\/uneguideaflorence.com\/it\/tour\/","title":{"rendered":"Tour"},"content":{"rendered":"\t\t<div data-elementor-type=\"wp-page\" data-elementor-id=\"558\" class=\"elementor elementor-558\" data-elementor-post-type=\"page\">\n\t\t\t\t<div class=\"elementor-element elementor-element-2c2243dd e-con-full e-flex e-con e-parent\" data-id=\"2c2243dd\" data-element_type=\"container\" data-settings=\"{&quot;jet_parallax_layout_list&quot;:[],&quot;_ha_eqh_enable&quot;:false}\">\n\t\t\t\t<div class=\"elementor-element elementor-element-a1f52d1 elementor-invisible elementor-has-bg-overlay ha-has-bg-overlay elementor-widget elementor-widget-global elementor-global-232 elementor-widget-heading\" data-id=\"a1f52d1\" data-element_type=\"widget\" data-settings=\"{&quot;_animation&quot;:&quot;fadeInDown&quot;}\" data-widget_type=\"heading.default\">\n\t\t\t\t<div class=\"elementor-widget-container\">\n\t\t\t<h1 class=\"elementor-heading-title elementor-size-default\">Tour<\/h1>\t\t<\/div>\n\t\t\t\t<\/div>\n\t\t\t\t<\/div>\n\t\t<div class=\"elementor-element elementor-element-7fd70878 e-con-full e-flex e-con e-parent\" data-id=\"7fd70878\" data-element_type=\"container\" data-settings=\"{&quot;jet_parallax_layout_list&quot;:[],&quot;_ha_eqh_enable&quot;:false}\">\n\t\t\t\t<div class=\"elementor-element elementor-element-8f89a67 ha-advanced-tooltip-top elementor-widget elementor-widget-jet-listing-grid\" data-id=\"8f89a67\" data-element_type=\"widget\" data-settings=\"{&quot;columns&quot;:3,&quot;columns_mobile&quot;:&quot;1&quot;}\" data-widget_type=\"jet-listing-grid.default\">\n\t\t\t\t<div class=\"elementor-widget-container\">\n\t\t\t<div class=\"jet-listing-grid jet-listing\"><div class=\"jet-listing-grid__items grid-col-desk-3 grid-col-tablet-3 grid-col-mobile-1 jet-listing-grid--561\" data-queried-id=\"558|WP_Post\" data-nav=\"{&quot;enabled&quot;:false,&quot;type&quot;:null,&quot;more_el&quot;:null,&quot;query&quot;:[],&quot;widget_settings&quot;:{&quot;lisitng_id&quot;:561,&quot;posts_num&quot;:8,&quot;columns&quot;:3,&quot;columns_tablet&quot;:3,&quot;columns_mobile&quot;:1,&quot;is_archive_template&quot;:&quot;&quot;,&quot;post_status&quot;:[&quot;publish&quot;],&quot;use_random_posts_num&quot;:&quot;&quot;,&quot;max_posts_num&quot;:9,&quot;not_found_message&quot;:&quot;No data was found&quot;,&quot;is_masonry&quot;:false,&quot;equal_columns_height&quot;:&quot;&quot;,&quot;use_load_more&quot;:&quot;&quot;,&quot;load_more_id&quot;:&quot;&quot;,&quot;load_more_type&quot;:&quot;click&quot;,&quot;load_more_offset&quot;:{&quot;unit&quot;:&quot;px&quot;,&quot;size&quot;:0,&quot;sizes&quot;:[]},&quot;use_custom_post_types&quot;:&quot;&quot;,&quot;custom_post_types&quot;:[],&quot;hide_widget_if&quot;:&quot;&quot;,&quot;carousel_enabled&quot;:&quot;&quot;,&quot;slides_to_scroll&quot;:&quot;1&quot;,&quot;arrows&quot;:&quot;true&quot;,&quot;arrow_icon&quot;:&quot;fa fa-angle-left&quot;,&quot;dots&quot;:&quot;&quot;,&quot;autoplay&quot;:&quot;true&quot;,&quot;pause_on_hover&quot;:&quot;true&quot;,&quot;autoplay_speed&quot;:5000,&quot;infinite&quot;:&quot;true&quot;,&quot;center_mode&quot;:&quot;&quot;,&quot;effect&quot;:&quot;slide&quot;,&quot;speed&quot;:500,&quot;inject_alternative_items&quot;:&quot;&quot;,&quot;injection_items&quot;:[],&quot;scroll_slider_enabled&quot;:&quot;&quot;,&quot;scroll_slider_on&quot;:[&quot;desktop&quot;,&quot;tablet&quot;,&quot;mobile&quot;],&quot;custom_query&quot;:false,&quot;custom_query_id&quot;:&quot;&quot;,&quot;_element_id&quot;:&quot;&quot;}}\" data-page=\"1\" data-pages=\"1\" data-listing-source=\"posts\" data-listing-id=\"561\" data-query-id=\"\"><div class=\"jet-listing-grid__item jet-listing-dynamic-post-754\" data-post-id=\"754\" >\t\t<div data-elementor-type=\"jet-listing-items\" data-elementor-id=\"561\" class=\"elementor elementor-561\" data-elementor-post-type=\"jet-engine\">\n\t\t\t\t<div class=\"elementor-element elementor-element-eb22895 e-con-full tour-box e-flex e-con e-parent\" data-id=\"eb22895\" data-element_type=\"container\" data-settings=\"{&quot;jet_parallax_layout_list&quot;:[],&quot;_ha_eqh_enable&quot;:false}\">\n\t\t\t\t<div class=\"elementor-element elementor-element-c875204 elementor-widget elementor-widget-ha-image-hover-effect happy-addon ha-image-hover-effect\" data-id=\"c875204\" data-element_type=\"widget\" data-widget_type=\"ha-image-hover-effect.default\">\n\t\t\t\t<div class=\"elementor-widget-container\">\n\t\t\t\t\t<div class=\"ha-ihe-wrapper grid\">\n\t\t\t<figure class=\"ha-ihe-fig ha-effect-bubba\">\n\t\t\t\t<img decoding=\"async\" class=\"ha-ihe-img\" src=\"https:\/\/uneguideaflorence.com\/wp-content\/uploads\/header\/le-basiliche-e-i-conventi-fiorentini.jpg\" alt=\"Image hover effect image\" \/>\n\t\t\t\t<figcaption class=\"ha-ihe-caption\">\n\t\t\t\t\t\t\t\t\t\t\t<h2 class=\"ha-ihe-title\">Basiliche e Conventi Fiorentini<\/h2>\t\t\t\t\t\t\t\t\t\t\t\t\t<p class=\"ha-ihe-desc\">I tesori d\u2019arte fiorentini non si trovano solo nei musei ma li potremo scoprire anche nelle Chiese e nei Complessi Conventuali sorti nel corso dei secoli nei vari punti della citt\u00e0.<\/p>\n\t\t\t\t\t\t\t\t\t\t\t\t\t\t\t\t\t\t\t\t\t\t\t<a href=\"https:\/\/uneguideaflorence.com\/it\/basiliche-e-conventi-fiorentini\/\" ><\/a>\n\t\t\t\t\t\t\t\t\t<\/figcaption>\n\t\t\t<\/figure>\n\t\t<\/div>\n\t\t<\/div>\n\t\t\t\t<\/div>\n\t\t\t\t<\/div>\n\t\t\t\t<\/div>\n\t\t<\/div><div class=\"jet-listing-grid__item jet-listing-dynamic-post-532\" data-post-id=\"532\" >\t\t<div data-elementor-type=\"jet-listing-items\" data-elementor-id=\"561\" class=\"elementor elementor-561\" data-elementor-post-type=\"jet-engine\">\n\t\t\t\t<div class=\"elementor-element elementor-element-eb22895 e-con-full tour-box e-flex e-con e-parent\" data-id=\"eb22895\" data-element_type=\"container\" data-settings=\"{&quot;jet_parallax_layout_list&quot;:[],&quot;_ha_eqh_enable&quot;:false}\">\n\t\t\t\t<div class=\"elementor-element elementor-element-c875204 elementor-widget elementor-widget-ha-image-hover-effect happy-addon ha-image-hover-effect\" data-id=\"c875204\" data-element_type=\"widget\" data-widget_type=\"ha-image-hover-effect.default\">\n\t\t\t\t<div class=\"elementor-widget-container\">\n\t\t\t\t\t<div class=\"ha-ihe-wrapper grid\">\n\t\t\t<figure class=\"ha-ihe-fig ha-effect-bubba\">\n\t\t\t\t<img decoding=\"async\" class=\"ha-ihe-img\" src=\"https:\/\/uneguideaflorence.com\/wp-content\/uploads\/header\/visitamuseri.jpg\" alt=\"Image hover effect image\" \/>\n\t\t\t\t<figcaption class=\"ha-ihe-caption\">\n\t\t\t\t\t\t\t\t\t\t\t<h2 class=\"ha-ihe-title\">Visita ai Musei<\/h2>\t\t\t\t\t\t\t\t\t\t\t\t\t<p class=\"ha-ihe-desc\">Se amate l\u2019arte a Firenze la scelta \u00e8 davvero ricchissima, vi indicher\u00f2 i musei tra i pi\u00f9 importanti della citt\u00e0 che potremo visitare assieme<\/p>\n\t\t\t\t\t\t\t\t\t\t\t\t\t\t\t\t\t\t\t\t\t\t\t<a href=\"https:\/\/uneguideaflorence.com\/it\/visita-ai-musei\/\" ><\/a>\n\t\t\t\t\t\t\t\t\t<\/figcaption>\n\t\t\t<\/figure>\n\t\t<\/div>\n\t\t<\/div>\n\t\t\t\t<\/div>\n\t\t\t\t<\/div>\n\t\t\t\t<\/div>\n\t\t<\/div><div class=\"jet-listing-grid__item jet-listing-dynamic-post-820\" data-post-id=\"820\" >\t\t<div data-elementor-type=\"jet-listing-items\" data-elementor-id=\"561\" class=\"elementor elementor-561\" data-elementor-post-type=\"jet-engine\">\n\t\t\t\t<div class=\"elementor-element elementor-element-eb22895 e-con-full tour-box e-flex e-con e-parent\" data-id=\"eb22895\" data-element_type=\"container\" data-settings=\"{&quot;jet_parallax_layout_list&quot;:[],&quot;_ha_eqh_enable&quot;:false}\">\n\t\t\t\t<div class=\"elementor-element elementor-element-c875204 elementor-widget elementor-widget-ha-image-hover-effect happy-addon ha-image-hover-effect\" data-id=\"c875204\" data-element_type=\"widget\" data-widget_type=\"ha-image-hover-effect.default\">\n\t\t\t\t<div class=\"elementor-widget-container\">\n\t\t\t\t\t<div class=\"ha-ihe-wrapper grid\">\n\t\t\t<figure class=\"ha-ihe-fig ha-effect-bubba\">\n\t\t\t\t<img decoding=\"async\" class=\"ha-ihe-img\" src=\"https:\/\/uneguideaflorence.com\/wp-content\/uploads\/header\/giardini.jpg\" alt=\"Image hover effect image\" \/>\n\t\t\t\t<figcaption class=\"ha-ihe-caption\">\n\t\t\t\t\t\t\t\t\t\t\t<h2 class=\"ha-ihe-title\">I giardini e le Ville di Firenze<\/h2>\t\t\t\t\t\t\t\t\t\t\t\t\t<p class=\"ha-ihe-desc\">A Firenze non solo troviamo i grandi capolavori dell\u2019arte, ma ci sono tanti luoghi, veri angoli di paradiso, come giardini e ville, dove lo spirito pu\u00f2 \u00a0rigenerarsi immergendosi nella natura. La\u00a0 bella stagione \u00e8 il momento ideale per visitare questi luoghi pieni di fascino e coglierne appieno la bellezza.<\/p>\n\t\t\t\t\t\t\t\t\t\t\t\t\t\t\t\t\t\t\t\t\t\t\t<a href=\"https:\/\/uneguideaflorence.com\/it\/i-giardini-e-le-ville-di-firenze\/\" ><\/a>\n\t\t\t\t\t\t\t\t\t<\/figcaption>\n\t\t\t<\/figure>\n\t\t<\/div>\n\t\t<\/div>\n\t\t\t\t<\/div>\n\t\t\t\t<\/div>\n\t\t\t\t<\/div>\n\t\t<\/div><div class=\"jet-listing-grid__item jet-listing-dynamic-post-526\" data-post-id=\"526\" >\t\t<div data-elementor-type=\"jet-listing-items\" data-elementor-id=\"561\" class=\"elementor elementor-561\" data-elementor-post-type=\"jet-engine\">\n\t\t\t\t<div class=\"elementor-element elementor-element-eb22895 e-con-full tour-box e-flex e-con e-parent\" data-id=\"eb22895\" data-element_type=\"container\" data-settings=\"{&quot;jet_parallax_layout_list&quot;:[],&quot;_ha_eqh_enable&quot;:false}\">\n\t\t\t\t<div class=\"elementor-element elementor-element-c875204 elementor-widget elementor-widget-ha-image-hover-effect happy-addon ha-image-hover-effect\" data-id=\"c875204\" data-element_type=\"widget\" data-widget_type=\"ha-image-hover-effect.default\">\n\t\t\t\t<div class=\"elementor-widget-container\">\n\t\t\t\t\t<div class=\"ha-ihe-wrapper grid\">\n\t\t\t<figure class=\"ha-ihe-fig ha-effect-bubba\">\n\t\t\t\t<img decoding=\"async\" class=\"ha-ihe-img\" src=\"https:\/\/uneguideaflorence.com\/wp-content\/uploads\/3-piazza-ssannunziata-dettaglio.jpg\" alt=\"Image hover effect image\" \/>\n\t\t\t\t<figcaption class=\"ha-ihe-caption\">\n\t\t\t\t\t\t\t\t\t\t\t<h2 class=\"ha-ihe-title\">Percorsi Insoliti<\/h2>\t\t\t\t\t\t\t\t\t\t\t\t\t<p class=\"ha-ihe-desc\">Se conoscete gi\u00e0 Firenze, ecco alcune proposte di percorsi altrettanto affascinanti dove passeggiando tra storia, arte e cultura, visiteremo luoghi di grande fascino e bellezza.<\/p>\n\t\t\t\t\t\t\t\t\t\t\t\t\t\t\t\t\t\t\t\t\t\t\t<a href=\"https:\/\/uneguideaflorence.com\/it\/percorsi-insoliti-a-firenze\/\" ><\/a>\n\t\t\t\t\t\t\t\t\t<\/figcaption>\n\t\t\t<\/figure>\n\t\t<\/div>\n\t\t<\/div>\n\t\t\t\t<\/div>\n\t\t\t\t<\/div>\n\t\t\t\t<\/div>\n\t\t<\/div><div class=\"jet-listing-grid__item jet-listing-dynamic-post-511\" data-post-id=\"511\" >\t\t<div data-elementor-type=\"jet-listing-items\" data-elementor-id=\"561\" class=\"elementor elementor-561\" data-elementor-post-type=\"jet-engine\">\n\t\t\t\t<div class=\"elementor-element elementor-element-eb22895 e-con-full tour-box e-flex e-con e-parent\" data-id=\"eb22895\" data-element_type=\"container\" data-settings=\"{&quot;jet_parallax_layout_list&quot;:[],&quot;_ha_eqh_enable&quot;:false}\">\n\t\t\t\t<div class=\"elementor-element elementor-element-c875204 elementor-widget elementor-widget-ha-image-hover-effect happy-addon ha-image-hover-effect\" data-id=\"c875204\" data-element_type=\"widget\" data-widget_type=\"ha-image-hover-effect.default\">\n\t\t\t\t<div class=\"elementor-widget-container\">\n\t\t\t\t\t<div class=\"ha-ihe-wrapper grid\">\n\t\t\t<figure class=\"ha-ihe-fig ha-effect-bubba\">\n\t\t\t\t<img decoding=\"async\" class=\"ha-ihe-img\" src=\"https:\/\/uneguideaflorence.com\/wp-content\/uploads\/header\/michelangelo.jpg\" alt=\"Image hover effect image\" \/>\n\t\t\t\t<figcaption class=\"ha-ihe-caption\">\n\t\t\t\t\t\t\t\t\t\t\t<h2 class=\"ha-ihe-title\">Michelangelo a Firenze<\/h2>\t\t\t\t\t\t\t\t\t\t\t\t\t<p class=\"ha-ihe-desc\">Scopriamo assieme la vita e le opere di uno dei protagonisti assoluti del Rinascimento e di tutti i tempi. Pittore, scultore, architetto, poeta, gi\u00e0 adolescente mostra notevoli doti artistiche; protetto da Lorenzo il Magnifico inizier\u00e0 la sua  folgorante carriera artistica proprio in Firenze. <\/p>\n\t\t\t\t\t\t\t\t\t\t\t\t\t\t\t\t\t\t\t\t\t\t\t<a href=\"https:\/\/uneguideaflorence.com\/it\/michelangelo-a-firenze\/\" ><\/a>\n\t\t\t\t\t\t\t\t\t<\/figcaption>\n\t\t\t<\/figure>\n\t\t<\/div>\n\t\t<\/div>\n\t\t\t\t<\/div>\n\t\t\t\t<\/div>\n\t\t\t\t<\/div>\n\t\t<\/div><div class=\"jet-listing-grid__item jet-listing-dynamic-post-513\" data-post-id=\"513\" >\t\t<div data-elementor-type=\"jet-listing-items\" data-elementor-id=\"561\" class=\"elementor elementor-561\" data-elementor-post-type=\"jet-engine\">\n\t\t\t\t<div class=\"elementor-element elementor-element-eb22895 e-con-full tour-box e-flex e-con e-parent\" data-id=\"eb22895\" data-element_type=\"container\" data-settings=\"{&quot;jet_parallax_layout_list&quot;:[],&quot;_ha_eqh_enable&quot;:false}\">\n\t\t\t\t<div class=\"elementor-element elementor-element-c875204 elementor-widget elementor-widget-ha-image-hover-effect happy-addon ha-image-hover-effect\" data-id=\"c875204\" data-element_type=\"widget\" data-widget_type=\"ha-image-hover-effect.default\">\n\t\t\t\t<div class=\"elementor-widget-container\">\n\t\t\t\t\t<div class=\"ha-ihe-wrapper grid\">\n\t\t\t<figure class=\"ha-ihe-fig ha-effect-bubba\">\n\t\t\t\t<img decoding=\"async\" class=\"ha-ihe-img\" src=\"https:\/\/uneguideaflorence.com\/wp-content\/uploads\/header\/epoca-doro.jpg\" alt=\"Image hover effect image\" \/>\n\t\t\t\t<figcaption class=\"ha-ihe-caption\">\n\t\t\t\t\t\t\t\t\t\t\t<h2 class=\"ha-ihe-title\">L\u2019epoca d\u2019Oro di Firenze<\/h2>\t\t\t\t\t\t\t\t\t\t\t\t\t<p class=\"ha-ihe-desc\">Nel nostro tour avremo modo di capire come Firenze, nel Medioevo, da  piccolo  borgo ha saputo crescere d\u2019importanza nell\u2019europa del tempo, grazie a mercanti, banchieri ed artisti.<\/p>\n\t\t\t\t\t\t\t\t\t\t\t\t\t\t\t\t\t\t\t\t\t\t\t<a href=\"https:\/\/uneguideaflorence.com\/it\/tour-epoca-oro-di-firenze\/\" ><\/a>\n\t\t\t\t\t\t\t\t\t<\/figcaption>\n\t\t\t<\/figure>\n\t\t<\/div>\n\t\t<\/div>\n\t\t\t\t<\/div>\n\t\t\t\t<\/div>\n\t\t\t\t<\/div>\n\t\t<\/div><div class=\"jet-listing-grid__item jet-listing-dynamic-post-512\" data-post-id=\"512\" >\t\t<div data-elementor-type=\"jet-listing-items\" data-elementor-id=\"561\" class=\"elementor elementor-561\" data-elementor-post-type=\"jet-engine\">\n\t\t\t\t<div class=\"elementor-element elementor-element-eb22895 e-con-full tour-box e-flex e-con e-parent\" data-id=\"eb22895\" data-element_type=\"container\" data-settings=\"{&quot;jet_parallax_layout_list&quot;:[],&quot;_ha_eqh_enable&quot;:false}\">\n\t\t\t\t<div class=\"elementor-element elementor-element-c875204 elementor-widget elementor-widget-ha-image-hover-effect happy-addon ha-image-hover-effect\" data-id=\"c875204\" data-element_type=\"widget\" data-widget_type=\"ha-image-hover-effect.default\">\n\t\t\t\t<div class=\"elementor-widget-container\">\n\t\t\t\t\t<div class=\"ha-ihe-wrapper grid\">\n\t\t\t<figure class=\"ha-ihe-fig ha-effect-bubba\">\n\t\t\t\t<img decoding=\"async\" class=\"ha-ihe-img\" src=\"https:\/\/uneguideaflorence.com\/wp-content\/uploads\/header\/pitti.jpg\" alt=\"Image hover effect image\" \/>\n\t\t\t\t<figcaption class=\"ha-ihe-caption\">\n\t\t\t\t\t\t\t\t\t\t\t<h2 class=\"ha-ihe-title\">La Famiglia Medici<\/h2>\t\t\t\t\t\t\t\t\t\t\t\t\t<p class=\"ha-ihe-desc\">Storia di un famiglia che \u00e8 stata, per secoli, tra le pi\u00f9 potenti d\u2019Europa, con illustri personaggi tra cui si annoverano abili politici, banchieri, papi e grandi mecenati. <\/p>\n\t\t\t\t\t\t\t\t\t\t\t\t\t\t\t\t\t\t\t\t\t\t\t<a href=\"https:\/\/uneguideaflorence.com\/it\/la-famiglia-medici\/\" ><\/a>\n\t\t\t\t\t\t\t\t\t<\/figcaption>\n\t\t\t<\/figure>\n\t\t<\/div>\n\t\t<\/div>\n\t\t\t\t<\/div>\n\t\t\t\t<\/div>\n\t\t\t\t<\/div>\n\t\t<\/div><div class=\"jet-listing-grid__item jet-listing-dynamic-post-505\" data-post-id=\"505\" >\t\t<div data-elementor-type=\"jet-listing-items\" data-elementor-id=\"561\" class=\"elementor elementor-561\" data-elementor-post-type=\"jet-engine\">\n\t\t\t\t<div class=\"elementor-element elementor-element-eb22895 e-con-full tour-box e-flex e-con e-parent\" data-id=\"eb22895\" data-element_type=\"container\" data-settings=\"{&quot;jet_parallax_layout_list&quot;:[],&quot;_ha_eqh_enable&quot;:false}\">\n\t\t\t\t<div class=\"elementor-element elementor-element-c875204 elementor-widget elementor-widget-ha-image-hover-effect happy-addon ha-image-hover-effect\" data-id=\"c875204\" data-element_type=\"widget\" data-widget_type=\"ha-image-hover-effect.default\">\n\t\t\t\t<div class=\"elementor-widget-container\">\n\t\t\t\t\t<div class=\"ha-ihe-wrapper grid\">\n\t\t\t<figure class=\"ha-ihe-fig ha-effect-bubba\">\n\t\t\t\t<img decoding=\"async\" class=\"ha-ihe-img\" src=\"https:\/\/uneguideaflorence.com\/wp-content\/uploads\/12-firenze-panorama-da-san-miniato-1.jpg\" alt=\"Image hover effect image\" \/>\n\t\t\t\t<figcaption class=\"ha-ihe-caption\">\n\t\t\t\t\t\t\t\t\t\t\t<h2 class=\"ha-ihe-title\">Scopriamo insieme Firenze<\/h2>\t\t\t\t\t\t\t\t\t\t\t\t\t<p class=\"ha-ihe-desc\">Un itinerario pensato per farvi conoscere i luoghi simbolo della citt\u00e0 come la Cattedrale, Palazzo della Signoria, Ponte Vecchio...<\/p>\n\t\t\t\t\t\t\t\t\t\t\t\t\t\t\t\t\t\t\t\t\t\t\t<a href=\"https:\/\/uneguideaflorence.com\/it\/scopriamo-insieme-firenze\/\" ><\/a>\n\t\t\t\t\t\t\t\t\t<\/figcaption>\n\t\t\t<\/figure>\n\t\t<\/div>\n\t\t<\/div>\n\t\t\t\t<\/div>\n\t\t\t\t<\/div>\n\t\t\t\t<\/div>\n\t\t<\/div><\/div><\/div>\t\t<\/div>\n\t\t\t\t<\/div>\n\t\t\t\t<\/div>\n\t\t\t\t<\/div>\n\t\t","protected":false},"excerpt":{"rendered":"","protected":false},"author":1,"featured_media":776,"parent":0,"menu_order":28,"comment_status":"closed","ping_status":"closed","template":"","meta":{"_acf_changed":false,"footnotes":""},"categories":[],"tags":[],"class_list":["post-558","page","type-page","status-publish","has-post-thumbnail","hentry"],"acf":[],"yoast_head":"<!-- This site is optimized with the Yoast SEO plugin v24.7 - https:\/\/yoast.com\/wordpress\/plugins\/seo\/ -->\n<title>Tour - Stefania Faraci<\/title>\n<meta name=\"robots\" content=\"index, follow, max-snippet:-1, max-image-preview:large, max-video-preview:-1\" \/>\n<link rel=\"canonical\" href=\"https:\/\/uneguideaflorence.com\/it\/tour\/\" \/>\n<meta property=\"og:locale\" content=\"it_IT\" \/>\n<meta property=\"og:type\" content=\"article\" \/>\n<meta property=\"og:title\" content=\"Tour - Stefania Faraci\" \/>\n<meta property=\"og:url\" content=\"https:\/\/uneguideaflorence.com\/it\/tour\/\" \/>\n<meta property=\"og:site_name\" content=\"Stefania Faraci\" \/>\n<meta property=\"article:modified_time\" content=\"2024-02-28T13:16:46+00:00\" \/>\n<meta property=\"og:image\" content=\"https:\/\/uneguideaflorence.com\/wp-content\/uploads\/firenze-2048x907-1.jpg\" \/>\n\t<meta property=\"og:image:width\" content=\"2048\" \/>\n\t<meta property=\"og:image:height\" content=\"907\" \/>\n\t<meta property=\"og:image:type\" content=\"image\/jpeg\" \/>\n<meta name=\"twitter:card\" content=\"summary_large_image\" \/>\n<meta name=\"twitter:label1\" content=\"Tempo di lettura stimato\" \/>\n\t<meta name=\"twitter:data1\" content=\"11 minuti\" \/>\n<script type=\"application\/ld+json\" class=\"yoast-schema-graph\">{\"@context\":\"https:\/\/schema.org\",\"@graph\":[{\"@type\":\"WebPage\",\"@id\":\"https:\/\/uneguideaflorence.com\/it\/tour\/\",\"url\":\"https:\/\/uneguideaflorence.com\/it\/tour\/\",\"name\":\"Tour - Stefania Faraci\",\"isPartOf\":{\"@id\":\"https:\/\/uneguideaflorence.com\/it\/#website\"},\"primaryImageOfPage\":{\"@id\":\"https:\/\/uneguideaflorence.com\/it\/tour\/#primaryimage\"},\"image\":{\"@id\":\"https:\/\/uneguideaflorence.com\/it\/tour\/#primaryimage\"},\"thumbnailUrl\":\"https:\/\/uneguideaflorence.com\/wp-content\/uploads\/firenze-2048x907-1.jpg\",\"datePublished\":\"2024-02-07T15:10:00+00:00\",\"dateModified\":\"2024-02-28T13:16:46+00:00\",\"breadcrumb\":{\"@id\":\"https:\/\/uneguideaflorence.com\/it\/tour\/#breadcrumb\"},\"inLanguage\":\"it-IT\",\"potentialAction\":[{\"@type\":\"ReadAction\",\"target\":[\"https:\/\/uneguideaflorence.com\/it\/tour\/\"]}]},{\"@type\":\"ImageObject\",\"inLanguage\":\"it-IT\",\"@id\":\"https:\/\/uneguideaflorence.com\/it\/tour\/#primaryimage\",\"url\":\"https:\/\/uneguideaflorence.com\/wp-content\/uploads\/firenze-2048x907-1.jpg\",\"contentUrl\":\"https:\/\/uneguideaflorence.com\/wp-content\/uploads\/firenze-2048x907-1.jpg\",\"width\":2048,\"height\":907},{\"@type\":\"BreadcrumbList\",\"@id\":\"https:\/\/uneguideaflorence.com\/it\/tour\/#breadcrumb\",\"itemListElement\":[{\"@type\":\"ListItem\",\"position\":1,\"name\":\"Home\",\"item\":\"https:\/\/uneguideaflorence.com\/it\/\"},{\"@type\":\"ListItem\",\"position\":2,\"name\":\"Tour\"}]},{\"@type\":\"WebSite\",\"@id\":\"https:\/\/uneguideaflorence.com\/it\/#website\",\"url\":\"https:\/\/uneguideaflorence.com\/it\/\",\"name\":\"Stefania Faraci\",\"description\":\"\",\"publisher\":{\"@id\":\"https:\/\/uneguideaflorence.com\/it\/#organization\"},\"potentialAction\":[{\"@type\":\"SearchAction\",\"target\":{\"@type\":\"EntryPoint\",\"urlTemplate\":\"https:\/\/uneguideaflorence.com\/it\/?s={search_term_string}\"},\"query-input\":{\"@type\":\"PropertyValueSpecification\",\"valueRequired\":true,\"valueName\":\"search_term_string\"}}],\"inLanguage\":\"it-IT\"},{\"@type\":\"Organization\",\"@id\":\"https:\/\/uneguideaflorence.com\/it\/#organization\",\"name\":\"Stefania Faraci\",\"url\":\"https:\/\/uneguideaflorence.com\/it\/\",\"logo\":{\"@type\":\"ImageObject\",\"inLanguage\":\"it-IT\",\"@id\":\"https:\/\/uneguideaflorence.com\/it\/#\/schema\/logo\/image\/\",\"url\":\"https:\/\/uneguideaflorence.com\/wp-content\/uploads\/logo\/stafania-faraci-guida-turistica.png\",\"contentUrl\":\"https:\/\/uneguideaflorence.com\/wp-content\/uploads\/logo\/stafania-faraci-guida-turistica.png\",\"width\":227,\"height\":83,\"caption\":\"Stefania Faraci\"},\"image\":{\"@id\":\"https:\/\/uneguideaflorence.com\/it\/#\/schema\/logo\/image\/\"}}]}<\/script>\n<!-- \/ Yoast SEO plugin. -->","yoast_head_json":{"title":"Tour - Stefania Faraci","robots":{"index":"index","follow":"follow","max-snippet":"max-snippet:-1","max-image-preview":"max-image-preview:large","max-video-preview":"max-video-preview:-1"},"canonical":"https:\/\/uneguideaflorence.com\/it\/tour\/","og_locale":"it_IT","og_type":"article","og_title":"Tour - Stefania Faraci","og_url":"https:\/\/uneguideaflorence.com\/it\/tour\/","og_site_name":"Stefania Faraci","article_modified_time":"2024-02-28T13:16:46+00:00","og_image":[{"width":2048,"height":907,"url":"https:\/\/uneguideaflorence.com\/wp-content\/uploads\/firenze-2048x907-1.jpg","type":"image\/jpeg"}],"twitter_card":"summary_large_image","twitter_misc":{"Tempo di lettura stimato":"11 minuti"},"schema":{"@context":"https:\/\/schema.org","@graph":[{"@type":"WebPage","@id":"https:\/\/uneguideaflorence.com\/it\/tour\/","url":"https:\/\/uneguideaflorence.com\/it\/tour\/","name":"Tour - Stefania Faraci","isPartOf":{"@id":"https:\/\/uneguideaflorence.com\/it\/#website"},"primaryImageOfPage":{"@id":"https:\/\/uneguideaflorence.com\/it\/tour\/#primaryimage"},"image":{"@id":"https:\/\/uneguideaflorence.com\/it\/tour\/#primaryimage"},"thumbnailUrl":"https:\/\/uneguideaflorence.com\/wp-content\/uploads\/firenze-2048x907-1.jpg","datePublished":"2024-02-07T15:10:00+00:00","dateModified":"2024-02-28T13:16:46+00:00","breadcrumb":{"@id":"https:\/\/uneguideaflorence.com\/it\/tour\/#breadcrumb"},"inLanguage":"it-IT","potentialAction":[{"@type":"ReadAction","target":["https:\/\/uneguideaflorence.com\/it\/tour\/"]}]},{"@type":"ImageObject","inLanguage":"it-IT","@id":"https:\/\/uneguideaflorence.com\/it\/tour\/#primaryimage","url":"https:\/\/uneguideaflorence.com\/wp-content\/uploads\/firenze-2048x907-1.jpg","contentUrl":"https:\/\/uneguideaflorence.com\/wp-content\/uploads\/firenze-2048x907-1.jpg","width":2048,"height":907},{"@type":"BreadcrumbList","@id":"https:\/\/uneguideaflorence.com\/it\/tour\/#breadcrumb","itemListElement":[{"@type":"ListItem","position":1,"name":"Home","item":"https:\/\/uneguideaflorence.com\/it\/"},{"@type":"ListItem","position":2,"name":"Tour"}]},{"@type":"WebSite","@id":"https:\/\/uneguideaflorence.com\/it\/#website","url":"https:\/\/uneguideaflorence.com\/it\/","name":"Stefania Faraci","description":"","publisher":{"@id":"https:\/\/uneguideaflorence.com\/it\/#organization"},"potentialAction":[{"@type":"SearchAction","target":{"@type":"EntryPoint","urlTemplate":"https:\/\/uneguideaflorence.com\/it\/?s={search_term_string}"},"query-input":{"@type":"PropertyValueSpecification","valueRequired":true,"valueName":"search_term_string"}}],"inLanguage":"it-IT"},{"@type":"Organization","@id":"https:\/\/uneguideaflorence.com\/it\/#organization","name":"Stefania Faraci","url":"https:\/\/uneguideaflorence.com\/it\/","logo":{"@type":"ImageObject","inLanguage":"it-IT","@id":"https:\/\/uneguideaflorence.com\/it\/#\/schema\/logo\/image\/","url":"https:\/\/uneguideaflorence.com\/wp-content\/uploads\/logo\/stafania-faraci-guida-turistica.png","contentUrl":"https:\/\/uneguideaflorence.com\/wp-content\/uploads\/logo\/stafania-faraci-guida-turistica.png","width":227,"height":83,"caption":"Stefania Faraci"},"image":{"@id":"https:\/\/uneguideaflorence.com\/it\/#\/schema\/logo\/image\/"}}]}},"_links":{"self":[{"href":"https:\/\/uneguideaflorence.com\/it\/wp-json\/wp\/v2\/pages\/558","targetHints":{"allow":["GET"]}}],"collection":[{"href":"https:\/\/uneguideaflorence.com\/it\/wp-json\/wp\/v2\/pages"}],"about":[{"href":"https:\/\/uneguideaflorence.com\/it\/wp-json\/wp\/v2\/types\/page"}],"author":[{"embeddable":true,"href":"https:\/\/uneguideaflorence.com\/it\/wp-json\/wp\/v2\/users\/1"}],"replies":[{"embeddable":true,"href":"https:\/\/uneguideaflorence.com\/it\/wp-json\/wp\/v2\/comments?post=558"}],"version-history":[{"count":0,"href":"https:\/\/uneguideaflorence.com\/it\/wp-json\/wp\/v2\/pages\/558\/revisions"}],"wp:featuredmedia":[{"embeddable":true,"href":"https:\/\/uneguideaflorence.com\/it\/wp-json\/wp\/v2\/media\/776"}],"wp:attachment":[{"href":"https:\/\/uneguideaflorence.com\/it\/wp-json\/wp\/v2\/media?parent=558"}],"wp:term":[{"taxonomy":"category","embeddable":true,"href":"https:\/\/uneguideaflorence.com\/it\/wp-json\/wp\/v2\/categories?post=558"},{"taxonomy":"post_tag","embeddable":true,"href":"https:\/\/uneguideaflorence.com\/it\/wp-json\/wp\/v2\/tags?post=558"}],"curies":[{"name":"wp","href":"https:\/\/api.w.org\/{rel}","templated":true}]}}