{"id":754,"date":"2024-02-14T10:40:55","date_gmt":"2024-02-14T10:40:55","guid":{"rendered":"https:\/\/rs.dotflorence.com\/?page_id=754"},"modified":"2024-02-15T10:08:43","modified_gmt":"2024-02-15T10:08:43","slug":"basiliche-e-conventi-fiorentini","status":"publish","type":"page","link":"https:\/\/uneguideaflorence.com\/it\/basiliche-e-conventi-fiorentini\/","title":{"rendered":"Basiliche e Conventi Fiorentini"},"content":{"rendered":"\t\t<div data-elementor-type=\"wp-page\" data-elementor-id=\"754\" class=\"elementor elementor-754\" data-elementor-post-type=\"page\">\n\t\t\t\t<div class=\"elementor-element elementor-element-2c2243dd e-con-full e-flex e-con e-parent\" data-id=\"2c2243dd\" data-element_type=\"container\" data-settings=\"{&quot;jet_parallax_layout_list&quot;:[],&quot;_ha_eqh_enable&quot;:false}\">\n\t\t\t\t<div class=\"elementor-element elementor-element-a1f52d1 elementor-invisible elementor-has-bg-overlay ha-has-bg-overlay elementor-widget elementor-widget-global elementor-global-232 elementor-widget-heading\" data-id=\"a1f52d1\" data-element_type=\"widget\" data-settings=\"{&quot;_animation&quot;:&quot;fadeInDown&quot;}\" data-widget_type=\"heading.default\">\n\t\t\t\t<div class=\"elementor-widget-container\">\n\t\t\t<h1 class=\"elementor-heading-title elementor-size-default\">Basiliche e Conventi Fiorentini<\/h1>\t\t<\/div>\n\t\t\t\t<\/div>\n\t\t\t\t<\/div>\n\t\t<div class=\"elementor-element elementor-element-228baa6 e-con-full e-flex e-con e-parent\" data-id=\"228baa6\" data-element_type=\"container\" data-settings=\"{&quot;jet_parallax_layout_list&quot;:[],&quot;_ha_eqh_enable&quot;:false}\">\n\t\t\t\t<div class=\"elementor-element elementor-element-a414072 elementor-widget elementor-widget-text-editor\" data-id=\"a414072\" data-element_type=\"widget\" data-widget_type=\"text-editor.default\">\n\t\t\t\t<div class=\"elementor-widget-container\">\n\t\t\t\t\t\t\t<p style=\"text-align: center;\">I tesori d\u2019arte fiorentini non si trovano solo nei musei ma li potremo scoprire anche nelle Chiese e nei Complessi Conventuali sorti nel corso dei secoli nei vari punti della citt\u00e0.<\/p>\t\t\t\t\t\t<\/div>\n\t\t\t\t<\/div>\n\t\t\t\t<div class=\"elementor-element elementor-element-3f4d09e ha-advanced-tooltip-top elementor-widget elementor-widget-jet-listing-grid\" data-id=\"3f4d09e\" data-element_type=\"widget\" data-settings=\"{&quot;columns&quot;:&quot;4&quot;,&quot;columns_tablet&quot;:&quot;1&quot;,&quot;columns_mobile&quot;:&quot;1&quot;}\" data-widget_type=\"jet-listing-grid.default\">\n\t\t\t\t<div class=\"elementor-widget-container\">\n\t\t\t<div class=\"jet-listing-grid jet-listing\"><div class=\"jet-listing-grid__items grid-col-desk-4 grid-col-tablet-1 grid-col-mobile-1 jet-listing-grid--296\" data-queried-id=\"754|WP_Post\" data-nav=\"{&quot;enabled&quot;:false,&quot;type&quot;:null,&quot;more_el&quot;:null,&quot;query&quot;:[],&quot;widget_settings&quot;:{&quot;lisitng_id&quot;:296,&quot;posts_num&quot;:10,&quot;columns&quot;:4,&quot;columns_tablet&quot;:1,&quot;columns_mobile&quot;:1,&quot;is_archive_template&quot;:&quot;&quot;,&quot;post_status&quot;:[&quot;publish&quot;],&quot;use_random_posts_num&quot;:&quot;&quot;,&quot;max_posts_num&quot;:9,&quot;not_found_message&quot;:&quot;No data was found&quot;,&quot;is_masonry&quot;:false,&quot;equal_columns_height&quot;:&quot;&quot;,&quot;use_load_more&quot;:&quot;&quot;,&quot;load_more_id&quot;:&quot;&quot;,&quot;load_more_type&quot;:&quot;click&quot;,&quot;load_more_offset&quot;:{&quot;unit&quot;:&quot;px&quot;,&quot;size&quot;:0,&quot;sizes&quot;:[]},&quot;use_custom_post_types&quot;:&quot;&quot;,&quot;custom_post_types&quot;:[],&quot;hide_widget_if&quot;:&quot;&quot;,&quot;carousel_enabled&quot;:&quot;&quot;,&quot;slides_to_scroll&quot;:&quot;1&quot;,&quot;arrows&quot;:&quot;true&quot;,&quot;arrow_icon&quot;:&quot;fa fa-angle-left&quot;,&quot;dots&quot;:&quot;&quot;,&quot;autoplay&quot;:&quot;true&quot;,&quot;pause_on_hover&quot;:&quot;true&quot;,&quot;autoplay_speed&quot;:5000,&quot;infinite&quot;:&quot;true&quot;,&quot;center_mode&quot;:&quot;&quot;,&quot;effect&quot;:&quot;slide&quot;,&quot;speed&quot;:500,&quot;inject_alternative_items&quot;:&quot;&quot;,&quot;injection_items&quot;:[],&quot;scroll_slider_enabled&quot;:&quot;&quot;,&quot;scroll_slider_on&quot;:[&quot;desktop&quot;,&quot;tablet&quot;,&quot;mobile&quot;],&quot;custom_query&quot;:false,&quot;custom_query_id&quot;:&quot;&quot;,&quot;_element_id&quot;:&quot;&quot;}}\" data-page=\"1\" data-pages=\"1\" data-listing-source=\"posts\" data-listing-id=\"296\" data-query-id=\"\"><div class=\"jet-listing-grid__item jet-listing-dynamic-post-705\" data-post-id=\"705\" >\t\t<div data-elementor-type=\"jet-listing-items\" data-elementor-id=\"296\" class=\"elementor elementor-296\" data-elementor-post-type=\"jet-engine\">\n\t\t\t\t<div class=\"elementor-element elementor-element-10e73a7 e-con-full tour-box e-flex e-con e-parent\" data-id=\"10e73a7\" data-element_type=\"container\" data-settings=\"{&quot;jet_parallax_layout_list&quot;:[],&quot;_ha_eqh_enable&quot;:false}\">\n\t\t\t\t<div class=\"elementor-element elementor-element-37c8b89 elementor-widget elementor-widget-ha-image-hover-effect happy-addon ha-image-hover-effect\" data-id=\"37c8b89\" data-element_type=\"widget\" data-widget_type=\"ha-image-hover-effect.default\">\n\t\t\t\t<div class=\"elementor-widget-container\">\n\t\t\t\t\t<div class=\"ha-ihe-wrapper grid\">\n\t\t\t<figure class=\"ha-ihe-fig ha-effect-bubba\">\n\t\t\t\t<img decoding=\"async\" class=\"ha-ihe-img\" src=\"https:\/\/uneguideaflorence.com\/wp-content\/uploads\/s.spirito\/1-santo-spirito.jpg\" alt=\"Image hover effect image\" \/>\n\t\t\t\t<figcaption class=\"ha-ihe-caption\">\n\t\t\t\t\t\t\t\t\t\t\t<h2 class=\"ha-ihe-title\">La Basilica di Santo Spirito<\/h2>\t\t\t\t\t\t\t\t\t\t\t\t\t<p class=\"ha-ihe-desc\">La visita ci porter\u00e0 attraverso l\u2019Oltrarno, per arrivare alla Basilica di Santo Spirito che si inserisce nelal cornice suggestiva di questo quartiere Fiorentino, circondata da eleganti palazzi del 1400.<\/p>\n\t\t\t\t\t\t\t\t\t\t\t\t\t\t\t\t\t\t\t\t\t\t\t<a href=\"https:\/\/uneguideaflorence.com\/it\/tour\/visita-basilica-santo-spirito-firenze\/\" ><\/a>\n\t\t\t\t\t\t\t\t\t<\/figcaption>\n\t\t\t<\/figure>\n\t\t<\/div>\n\t\t<\/div>\n\t\t\t\t<\/div>\n\t\t\t\t<\/div>\n\t\t\t\t<\/div>\n\t\t<\/div><div class=\"jet-listing-grid__item jet-listing-dynamic-post-703\" data-post-id=\"703\" >\t\t<div data-elementor-type=\"jet-listing-items\" data-elementor-id=\"296\" class=\"elementor elementor-296\" data-elementor-post-type=\"jet-engine\">\n\t\t\t\t<div class=\"elementor-element elementor-element-10e73a7 e-con-full tour-box e-flex e-con e-parent\" data-id=\"10e73a7\" data-element_type=\"container\" data-settings=\"{&quot;jet_parallax_layout_list&quot;:[],&quot;_ha_eqh_enable&quot;:false}\">\n\t\t\t\t<div class=\"elementor-element elementor-element-37c8b89 elementor-widget elementor-widget-ha-image-hover-effect happy-addon ha-image-hover-effect\" data-id=\"37c8b89\" data-element_type=\"widget\" data-widget_type=\"ha-image-hover-effect.default\">\n\t\t\t\t<div class=\"elementor-widget-container\">\n\t\t\t\t\t<div class=\"ha-ihe-wrapper grid\">\n\t\t\t<figure class=\"ha-ihe-fig ha-effect-bubba\">\n\t\t\t\t<img decoding=\"async\" class=\"ha-ihe-img\" src=\"https:\/\/uneguideaflorence.com\/wp-content\/uploads\/s.lorenzo\/1-s.lorenzo-facciata.jpg\" alt=\"Image hover effect image\" \/>\n\t\t\t\t<figcaption class=\"ha-ihe-caption\">\n\t\t\t\t\t\t\t\t\t\t\t<h2 class=\"ha-ihe-title\">La Basilica di San Lorenzo<\/h2>\t\t\t\t\t\t\t\t\t\t\t\t\t<p class=\"ha-ihe-desc\">La visita della Basilica di San Lorenzo ci consentir\u00e0 di conoscere le novit\u00e0 introdotte nell\u2019architettura rinascimentale dal grande architetto Filippo Brunelleschi.<\/p>\n\t\t\t\t\t\t\t\t\t\t\t\t\t\t\t\t\t\t\t\t\t\t\t<a href=\"https:\/\/uneguideaflorence.com\/it\/tour\/visita-guidata-basilica-san-lorenzo-firenze\/\" ><\/a>\n\t\t\t\t\t\t\t\t\t<\/figcaption>\n\t\t\t<\/figure>\n\t\t<\/div>\n\t\t<\/div>\n\t\t\t\t<\/div>\n\t\t\t\t<\/div>\n\t\t\t\t<\/div>\n\t\t<\/div><div class=\"jet-listing-grid__item jet-listing-dynamic-post-701\" data-post-id=\"701\" >\t\t<div data-elementor-type=\"jet-listing-items\" data-elementor-id=\"296\" class=\"elementor elementor-296\" data-elementor-post-type=\"jet-engine\">\n\t\t\t\t<div class=\"elementor-element elementor-element-10e73a7 e-con-full tour-box e-flex e-con e-parent\" data-id=\"10e73a7\" data-element_type=\"container\" data-settings=\"{&quot;jet_parallax_layout_list&quot;:[],&quot;_ha_eqh_enable&quot;:false}\">\n\t\t\t\t<div class=\"elementor-element elementor-element-37c8b89 elementor-widget elementor-widget-ha-image-hover-effect happy-addon ha-image-hover-effect\" data-id=\"37c8b89\" data-element_type=\"widget\" data-widget_type=\"ha-image-hover-effect.default\">\n\t\t\t\t<div class=\"elementor-widget-container\">\n\t\t\t\t\t<div class=\"ha-ihe-wrapper grid\">\n\t\t\t<figure class=\"ha-ihe-fig ha-effect-bubba\">\n\t\t\t\t<img decoding=\"async\" class=\"ha-ihe-img\" src=\"https:\/\/uneguideaflorence.com\/wp-content\/uploads\/s.croce\/2-facciata-santa-croce.jpg\" alt=\"Image hover effect image\" \/>\n\t\t\t\t<figcaption class=\"ha-ihe-caption\">\n\t\t\t\t\t\t\t\t\t\t\t<h2 class=\"ha-ihe-title\">La Basilica di Santa Croce<\/h2>\t\t\t\t\t\t\t\t\t\t\t\t\t<p class=\"ha-ihe-desc\">La visita alla Basilica di Santa Croce ci emozioni profonde, la famosa \u201csindrome di Stendhal\u201d, per la bellezza, la ricchezza artistica e la memoria spirituale e storica dell\u2019intero complesso.<\/p>\n\t\t\t\t\t\t\t\t\t\t\t\t\t\t\t\t\t\t\t\t\t\t\t<a href=\"https:\/\/uneguideaflorence.com\/it\/tour\/tour-basilica-santa-croce\/\" ><\/a>\n\t\t\t\t\t\t\t\t\t<\/figcaption>\n\t\t\t<\/figure>\n\t\t<\/div>\n\t\t<\/div>\n\t\t\t\t<\/div>\n\t\t\t\t<\/div>\n\t\t\t\t<\/div>\n\t\t<\/div><div class=\"jet-listing-grid__item jet-listing-dynamic-post-699\" data-post-id=\"699\" >\t\t<div data-elementor-type=\"jet-listing-items\" data-elementor-id=\"296\" class=\"elementor elementor-296\" data-elementor-post-type=\"jet-engine\">\n\t\t\t\t<div class=\"elementor-element elementor-element-10e73a7 e-con-full tour-box e-flex e-con e-parent\" data-id=\"10e73a7\" data-element_type=\"container\" data-settings=\"{&quot;jet_parallax_layout_list&quot;:[],&quot;_ha_eqh_enable&quot;:false}\">\n\t\t\t\t<div class=\"elementor-element elementor-element-37c8b89 elementor-widget elementor-widget-ha-image-hover-effect happy-addon ha-image-hover-effect\" data-id=\"37c8b89\" data-element_type=\"widget\" data-widget_type=\"ha-image-hover-effect.default\">\n\t\t\t\t<div class=\"elementor-widget-container\">\n\t\t\t\t\t<div class=\"ha-ihe-wrapper grid\">\n\t\t\t<figure class=\"ha-ihe-fig ha-effect-bubba\">\n\t\t\t\t<img decoding=\"async\" class=\"ha-ihe-img\" src=\"https:\/\/uneguideaflorence.com\/wp-content\/uploads\/smn\/1-facciata-s.maria-novella.jpg\" alt=\"Image hover effect image\" \/>\n\t\t\t\t<figcaption class=\"ha-ihe-caption\">\n\t\t\t\t\t\t\t\t\t\t\t<h2 class=\"ha-ihe-title\">La Basilica di Santa Maria Novella e la sua Farmacia<\/h2>\t\t\t\t\t\t\t\t\t\t\t\t\t<p class=\"ha-ihe-desc\">Tour di una delle Chiese pi\u00f9 preziose della citt\u00e0, in stile gotico-fiorentino, con la sua elegante facciata realizzata nella seconda met\u00e0 del \u2018400 da Leon Battista Alberti.<\/p>\n\t\t\t\t\t\t\t\t\t\t\t\t\t\t\t\t\t\t\t\t\t\t\t<a href=\"https:\/\/uneguideaflorence.com\/it\/tour\/tour-basilica-di-santa-maria-novella\/\" ><\/a>\n\t\t\t\t\t\t\t\t\t<\/figcaption>\n\t\t\t<\/figure>\n\t\t<\/div>\n\t\t<\/div>\n\t\t\t\t<\/div>\n\t\t\t\t<\/div>\n\t\t\t\t<\/div>\n\t\t<\/div><\/div><\/div>\t\t<\/div>\n\t\t\t\t<\/div>\n\t\t\t\t<\/div>\n\t\t\t\t<\/div>\n\t\t","protected":false},"excerpt":{"rendered":"<p>I tesori d\u2019arte fiorentini non si trovano solo nei musei ma li potremo scoprire anche nelle Chiese e nei Complessi Conventuali sorti nel corso dei secoli nei vari punti della citt\u00e0.<\/p>\n","protected":false},"author":1,"featured_media":798,"parent":0,"menu_order":8,"comment_status":"closed","ping_status":"closed","template":"","meta":{"_acf_changed":false,"footnotes":""},"categories":[],"tags":[19],"class_list":["post-754","page","type-page","status-publish","has-post-thumbnail","hentry","tag-tour"],"acf":[],"yoast_head":"<!-- This site is optimized with the Yoast SEO plugin v24.7 - https:\/\/yoast.com\/wordpress\/plugins\/seo\/ -->\n<title>Basiliche e Conventi Fiorentini - Stefania Faraci<\/title>\n<meta name=\"robots\" content=\"index, follow, max-snippet:-1, max-image-preview:large, max-video-preview:-1\" \/>\n<link rel=\"canonical\" href=\"https:\/\/uneguideaflorence.com\/it\/basiliche-e-conventi-fiorentini\/\" \/>\n<meta property=\"og:locale\" content=\"it_IT\" \/>\n<meta property=\"og:type\" content=\"article\" \/>\n<meta property=\"og:title\" content=\"Basiliche e Conventi Fiorentini - Stefania Faraci\" \/>\n<meta property=\"og:description\" content=\"I tesori d\u2019arte fiorentini non si trovano solo nei musei ma li potremo scoprire anche nelle Chiese e nei Complessi Conventuali sorti nel corso dei secoli nei vari punti della citt\u00e0.\" \/>\n<meta property=\"og:url\" content=\"https:\/\/uneguideaflorence.com\/it\/basiliche-e-conventi-fiorentini\/\" \/>\n<meta property=\"og:site_name\" content=\"Stefania Faraci\" \/>\n<meta property=\"article:modified_time\" content=\"2024-02-15T10:08:43+00:00\" \/>\n<meta property=\"og:image\" content=\"https:\/\/uneguideaflorence.com\/wp-content\/uploads\/header\/le-basiliche-e-i-conventi-fiorentini.jpg\" \/>\n\t<meta property=\"og:image:width\" content=\"1920\" \/>\n\t<meta property=\"og:image:height\" content=\"344\" \/>\n\t<meta property=\"og:image:type\" content=\"image\/jpeg\" \/>\n<meta name=\"twitter:card\" content=\"summary_large_image\" \/>\n<meta name=\"twitter:label1\" content=\"Tempo di lettura stimato\" \/>\n\t<meta name=\"twitter:data1\" content=\"3 minuti\" \/>\n<script type=\"application\/ld+json\" class=\"yoast-schema-graph\">{\"@context\":\"https:\/\/schema.org\",\"@graph\":[{\"@type\":\"WebPage\",\"@id\":\"https:\/\/uneguideaflorence.com\/it\/basiliche-e-conventi-fiorentini\/\",\"url\":\"https:\/\/uneguideaflorence.com\/it\/basiliche-e-conventi-fiorentini\/\",\"name\":\"Basiliche e Conventi Fiorentini - Stefania Faraci\",\"isPartOf\":{\"@id\":\"https:\/\/uneguideaflorence.com\/it\/#website\"},\"primaryImageOfPage\":{\"@id\":\"https:\/\/uneguideaflorence.com\/it\/basiliche-e-conventi-fiorentini\/#primaryimage\"},\"image\":{\"@id\":\"https:\/\/uneguideaflorence.com\/it\/basiliche-e-conventi-fiorentini\/#primaryimage\"},\"thumbnailUrl\":\"https:\/\/uneguideaflorence.com\/wp-content\/uploads\/header\/le-basiliche-e-i-conventi-fiorentini.jpg\",\"datePublished\":\"2024-02-14T10:40:55+00:00\",\"dateModified\":\"2024-02-15T10:08:43+00:00\",\"breadcrumb\":{\"@id\":\"https:\/\/uneguideaflorence.com\/it\/basiliche-e-conventi-fiorentini\/#breadcrumb\"},\"inLanguage\":\"it-IT\",\"potentialAction\":[{\"@type\":\"ReadAction\",\"target\":[\"https:\/\/uneguideaflorence.com\/it\/basiliche-e-conventi-fiorentini\/\"]}]},{\"@type\":\"ImageObject\",\"inLanguage\":\"it-IT\",\"@id\":\"https:\/\/uneguideaflorence.com\/it\/basiliche-e-conventi-fiorentini\/#primaryimage\",\"url\":\"https:\/\/uneguideaflorence.com\/wp-content\/uploads\/header\/le-basiliche-e-i-conventi-fiorentini.jpg\",\"contentUrl\":\"https:\/\/uneguideaflorence.com\/wp-content\/uploads\/header\/le-basiliche-e-i-conventi-fiorentini.jpg\",\"width\":1920,\"height\":344},{\"@type\":\"BreadcrumbList\",\"@id\":\"https:\/\/uneguideaflorence.com\/it\/basiliche-e-conventi-fiorentini\/#breadcrumb\",\"itemListElement\":[{\"@type\":\"ListItem\",\"position\":1,\"name\":\"Home\",\"item\":\"https:\/\/uneguideaflorence.com\/it\/\"},{\"@type\":\"ListItem\",\"position\":2,\"name\":\"Basiliche e Conventi Fiorentini\"}]},{\"@type\":\"WebSite\",\"@id\":\"https:\/\/uneguideaflorence.com\/it\/#website\",\"url\":\"https:\/\/uneguideaflorence.com\/it\/\",\"name\":\"Stefania Faraci\",\"description\":\"\",\"publisher\":{\"@id\":\"https:\/\/uneguideaflorence.com\/it\/#organization\"},\"potentialAction\":[{\"@type\":\"SearchAction\",\"target\":{\"@type\":\"EntryPoint\",\"urlTemplate\":\"https:\/\/uneguideaflorence.com\/it\/?s={search_term_string}\"},\"query-input\":{\"@type\":\"PropertyValueSpecification\",\"valueRequired\":true,\"valueName\":\"search_term_string\"}}],\"inLanguage\":\"it-IT\"},{\"@type\":\"Organization\",\"@id\":\"https:\/\/uneguideaflorence.com\/it\/#organization\",\"name\":\"Stefania Faraci\",\"url\":\"https:\/\/uneguideaflorence.com\/it\/\",\"logo\":{\"@type\":\"ImageObject\",\"inLanguage\":\"it-IT\",\"@id\":\"https:\/\/uneguideaflorence.com\/it\/#\/schema\/logo\/image\/\",\"url\":\"https:\/\/uneguideaflorence.com\/wp-content\/uploads\/logo\/stafania-faraci-guida-turistica.png\",\"contentUrl\":\"https:\/\/uneguideaflorence.com\/wp-content\/uploads\/logo\/stafania-faraci-guida-turistica.png\",\"width\":227,\"height\":83,\"caption\":\"Stefania Faraci\"},\"image\":{\"@id\":\"https:\/\/uneguideaflorence.com\/it\/#\/schema\/logo\/image\/\"}}]}<\/script>\n<!-- \/ Yoast SEO plugin. -->","yoast_head_json":{"title":"Basiliche e Conventi Fiorentini - Stefania Faraci","robots":{"index":"index","follow":"follow","max-snippet":"max-snippet:-1","max-image-preview":"max-image-preview:large","max-video-preview":"max-video-preview:-1"},"canonical":"https:\/\/uneguideaflorence.com\/it\/basiliche-e-conventi-fiorentini\/","og_locale":"it_IT","og_type":"article","og_title":"Basiliche e Conventi Fiorentini - Stefania Faraci","og_description":"I tesori d\u2019arte fiorentini non si trovano solo nei musei ma li potremo scoprire anche nelle Chiese e nei Complessi Conventuali sorti nel corso dei secoli nei vari punti della citt\u00e0.","og_url":"https:\/\/uneguideaflorence.com\/it\/basiliche-e-conventi-fiorentini\/","og_site_name":"Stefania Faraci","article_modified_time":"2024-02-15T10:08:43+00:00","og_image":[{"width":1920,"height":344,"url":"https:\/\/uneguideaflorence.com\/wp-content\/uploads\/header\/le-basiliche-e-i-conventi-fiorentini.jpg","type":"image\/jpeg"}],"twitter_card":"summary_large_image","twitter_misc":{"Tempo di lettura stimato":"3 minuti"},"schema":{"@context":"https:\/\/schema.org","@graph":[{"@type":"WebPage","@id":"https:\/\/uneguideaflorence.com\/it\/basiliche-e-conventi-fiorentini\/","url":"https:\/\/uneguideaflorence.com\/it\/basiliche-e-conventi-fiorentini\/","name":"Basiliche e Conventi Fiorentini - Stefania Faraci","isPartOf":{"@id":"https:\/\/uneguideaflorence.com\/it\/#website"},"primaryImageOfPage":{"@id":"https:\/\/uneguideaflorence.com\/it\/basiliche-e-conventi-fiorentini\/#primaryimage"},"image":{"@id":"https:\/\/uneguideaflorence.com\/it\/basiliche-e-conventi-fiorentini\/#primaryimage"},"thumbnailUrl":"https:\/\/uneguideaflorence.com\/wp-content\/uploads\/header\/le-basiliche-e-i-conventi-fiorentini.jpg","datePublished":"2024-02-14T10:40:55+00:00","dateModified":"2024-02-15T10:08:43+00:00","breadcrumb":{"@id":"https:\/\/uneguideaflorence.com\/it\/basiliche-e-conventi-fiorentini\/#breadcrumb"},"inLanguage":"it-IT","potentialAction":[{"@type":"ReadAction","target":["https:\/\/uneguideaflorence.com\/it\/basiliche-e-conventi-fiorentini\/"]}]},{"@type":"ImageObject","inLanguage":"it-IT","@id":"https:\/\/uneguideaflorence.com\/it\/basiliche-e-conventi-fiorentini\/#primaryimage","url":"https:\/\/uneguideaflorence.com\/wp-content\/uploads\/header\/le-basiliche-e-i-conventi-fiorentini.jpg","contentUrl":"https:\/\/uneguideaflorence.com\/wp-content\/uploads\/header\/le-basiliche-e-i-conventi-fiorentini.jpg","width":1920,"height":344},{"@type":"BreadcrumbList","@id":"https:\/\/uneguideaflorence.com\/it\/basiliche-e-conventi-fiorentini\/#breadcrumb","itemListElement":[{"@type":"ListItem","position":1,"name":"Home","item":"https:\/\/uneguideaflorence.com\/it\/"},{"@type":"ListItem","position":2,"name":"Basiliche e Conventi Fiorentini"}]},{"@type":"WebSite","@id":"https:\/\/uneguideaflorence.com\/it\/#website","url":"https:\/\/uneguideaflorence.com\/it\/","name":"Stefania Faraci","description":"","publisher":{"@id":"https:\/\/uneguideaflorence.com\/it\/#organization"},"potentialAction":[{"@type":"SearchAction","target":{"@type":"EntryPoint","urlTemplate":"https:\/\/uneguideaflorence.com\/it\/?s={search_term_string}"},"query-input":{"@type":"PropertyValueSpecification","valueRequired":true,"valueName":"search_term_string"}}],"inLanguage":"it-IT"},{"@type":"Organization","@id":"https:\/\/uneguideaflorence.com\/it\/#organization","name":"Stefania Faraci","url":"https:\/\/uneguideaflorence.com\/it\/","logo":{"@type":"ImageObject","inLanguage":"it-IT","@id":"https:\/\/uneguideaflorence.com\/it\/#\/schema\/logo\/image\/","url":"https:\/\/uneguideaflorence.com\/wp-content\/uploads\/logo\/stafania-faraci-guida-turistica.png","contentUrl":"https:\/\/uneguideaflorence.com\/wp-content\/uploads\/logo\/stafania-faraci-guida-turistica.png","width":227,"height":83,"caption":"Stefania Faraci"},"image":{"@id":"https:\/\/uneguideaflorence.com\/it\/#\/schema\/logo\/image\/"}}]}},"_links":{"self":[{"href":"https:\/\/uneguideaflorence.com\/it\/wp-json\/wp\/v2\/pages\/754","targetHints":{"allow":["GET"]}}],"collection":[{"href":"https:\/\/uneguideaflorence.com\/it\/wp-json\/wp\/v2\/pages"}],"about":[{"href":"https:\/\/uneguideaflorence.com\/it\/wp-json\/wp\/v2\/types\/page"}],"author":[{"embeddable":true,"href":"https:\/\/uneguideaflorence.com\/it\/wp-json\/wp\/v2\/users\/1"}],"replies":[{"embeddable":true,"href":"https:\/\/uneguideaflorence.com\/it\/wp-json\/wp\/v2\/comments?post=754"}],"version-history":[{"count":0,"href":"https:\/\/uneguideaflorence.com\/it\/wp-json\/wp\/v2\/pages\/754\/revisions"}],"wp:featuredmedia":[{"embeddable":true,"href":"https:\/\/uneguideaflorence.com\/it\/wp-json\/wp\/v2\/media\/798"}],"wp:attachment":[{"href":"https:\/\/uneguideaflorence.com\/it\/wp-json\/wp\/v2\/media?parent=754"}],"wp:term":[{"taxonomy":"category","embeddable":true,"href":"https:\/\/uneguideaflorence.com\/it\/wp-json\/wp\/v2\/categories?post=754"},{"taxonomy":"post_tag","embeddable":true,"href":"https:\/\/uneguideaflorence.com\/it\/wp-json\/wp\/v2\/tags?post=754"}],"curies":[{"name":"wp","href":"https:\/\/api.w.org\/{rel}","templated":true}]}}